{"id":321,"date":"2024-10-30T15:38:16","date_gmt":"2024-10-30T19:38:16","guid":{"rendered":"https:\/\/labarajas.com\/?page_id=321"},"modified":"2024-11-12T15:58:21","modified_gmt":"2024-11-12T23:58:21","slug":"our-impact","status":"publish","type":"page","link":"https:\/\/labarajas.com\/espanol\/our-impact\/","title":{"rendered":"Nuestro impacto"},"content":{"rendered":"<div data-elementor-type=\"wp-page\" data-elementor-id=\"321\" class=\"elementor elementor-321\" data-elementor-post-type=\"page\">\n\t\t\t\t\t\t<section class=\"elementor-section elementor-top-section elementor-element elementor-element-3223318 elementor-section-height-min-height elementor-section-content-space-between ops-section elementor-section-boxed elementor-section-height-default elementor-section-items-middle\" data-id=\"3223318\" data-element_type=\"section\" data-settings=\"{&quot;background_background&quot;:&quot;classic&quot;,&quot;ekit_has_onepagescroll&quot;:&quot;section&quot;}\">\n\t\t\t\t\t\t\t<div class=\"elementor-background-overlay\"><\/div>\n\t\t\t\t\t\t\t<div class=\"elementor-container elementor-column-gap-default\">\n\t\t\t\t\t<div class=\"elementor-column elementor-col-100 elementor-top-column elementor-element elementor-element-a69c572\" data-id=\"a69c572\" data-element_type=\"column\">\n\t\t\t<div class=\"elementor-widget-wrap elementor-element-populated\">\n\t\t\t\t\t\t<div class=\"elementor-element elementor-element-4da31fb elementor-widget__width-initial elementor-invisible elementor-widget elementor-widget-heading\" data-id=\"4da31fb\" data-element_type=\"widget\" data-settings=\"{&quot;_animation&quot;:&quot;fadeInUp&quot;}\" data-widget_type=\"heading.default\">\n\t\t\t\t<div class=\"elementor-widget-container\">\n\t\t\t\t\t<h2 class=\"elementor-heading-title elementor-size-default\">Nuestro impacto\n<\/h2>\t\t\t\t<\/div>\n\t\t\t\t<\/div>\n\t\t\t\t<div class=\"elementor-element elementor-element-8e82a2c elementor-invisible elementor-widget elementor-widget-heading\" data-id=\"8e82a2c\" data-element_type=\"widget\" data-settings=\"{&quot;_animation&quot;:&quot;fadeInUp&quot;,&quot;_animation_delay&quot;:500}\" data-widget_type=\"heading.default\">\n\t\t\t\t<div class=\"elementor-widget-container\">\n\t\t\t\t\t<h6 class=\"elementor-heading-title elementor-size-default\">Potenciar el \u00e9xito, inspirar confianza\n<\/h6>\t\t\t\t<\/div>\n\t\t\t\t<\/div>\n\t\t\t\t<div class=\"elementor-element elementor-element-9698d6a elementor-widget elementor-widget-text-editor\" data-id=\"9698d6a\" data-element_type=\"widget\" data-widget_type=\"text-editor.default\">\n\t\t\t\t<div class=\"elementor-widget-container\">\n\t\t\t\t\t\t\t\t\tEn Business Management LAB, nuestra misi\u00f3n es crear un impacto significativo y duradero en la vida de nuestros clientes. Vamos m\u00e1s all\u00e1 de la t\u00edpica gesti\u00f3n empresarial, dando forma a historias de \u00e9xito y asegurando el futuro de los mejores talentos de la industria del entretenimiento latino. Con cada cliente, nuestro objetivo es potenciar, proteger y nutrir los caminos \u00fanicos que han elegido seguir, convirtiendo las visiones en realidades y los retos en logros.\t\t\t\t\t\t\t\t<\/div>\n\t\t\t\t<\/div>\n\t\t\t\t\t<\/div>\n\t\t<\/div>\n\t\t\t\t\t<\/div>\n\t\t<\/section>\n\t\t<div class=\"elementor-element elementor-element-f394c8a e-flex e-con-boxed e-con e-parent\" data-id=\"f394c8a\" data-element_type=\"container\" data-settings=\"{&quot;background_background&quot;:&quot;classic&quot;}\">\n\t\t\t\t\t<div class=\"e-con-inner\">\n\t\t<div class=\"elementor-element elementor-element-c582388 e-grid e-con-boxed e-con e-child\" data-id=\"c582388\" data-element_type=\"container\">\n\t\t\t\t\t<div class=\"e-con-inner\">\n\t\t\t\t<div class=\"elementor-element elementor-element-57b4e8c animated-fast elementor-invisible elementor-widget elementor-widget-image\" data-id=\"57b4e8c\" data-element_type=\"widget\" data-settings=\"{&quot;_animation&quot;:&quot;fadeIn&quot;,&quot;_animation_delay&quot;:500}\" data-widget_type=\"image.default\">\n\t\t\t\t<div class=\"elementor-widget-container\">\n\t\t\t\t\t\t\t\t\t\t\t\t\t\t\t<img decoding=\"async\" src=\"https:\/\/labarajas.com\/wp-content\/uploads\/elementor\/thumbs\/eromes__Film_still_in_the_style_of_2024_documentary._A_charis_c6fc2e07-8d9d-406a-8c27-f1509fa3f5e1_3-qwyrqc9goahk7tops5bcwpxmia4lbesgfhesl57grc.jpeg\" title=\"eromes__Film_still_in_the_style_of_2024_documentary._A_charis_c6fc2e07-8d9d-406a-8c27-f1509fa3f5e1_3\" alt=\"Film still in the style of 2024 documentary. A charismatic Latin reggaeton artist performing on stage, holding the microphone and engaging the crowd with energy and passion. He\u2019s dressed in trendy, urban streetwear with sunglasses, chains, and vibrant accessories. Colorful stage lights in purples, blues, and reds illuminate him, casting dynamic shadows that enhance the performance\u2019s intensity. The background includes a lively crowd with hands raised and faint outlines of dancers or DJ equipment, capturing the electrifying atmosphere. Shot with a Sony A7R IV and 85mm f\/1.4 lens at f\/2.0, inspired by the high-energy style of Danny Clinch\u2019s live performance photography. --ar 3:4 --style raw --v 6.1 Job ID: c6fc2e07-8d9d-406a-8c27-f1509fa3f5e1\" loading=\"lazy\" \/>\t\t\t\t\t\t\t\t\t\t\t\t\t\t\t<\/div>\n\t\t\t\t<\/div>\n\t\t<div class=\"elementor-element elementor-element-e147cce e-con-full e-flex e-con e-child\" data-id=\"e147cce\" data-element_type=\"container\">\n\t\t<div class=\"elementor-element elementor-element-7f5b099 e-con-full e-flex e-con e-child\" data-id=\"7f5b099\" data-element_type=\"container\">\n\t\t\t\t<div class=\"elementor-element elementor-element-1878d10 elementor-widget__width-initial elementor-widget-mobile__width-inherit animated-fast elementor-invisible elementor-widget elementor-widget-heading\" data-id=\"1878d10\" data-element_type=\"widget\" data-settings=\"{&quot;_animation&quot;:&quot;fadeIn&quot;,&quot;_animation_delay&quot;:750}\" data-widget_type=\"heading.default\">\n\t\t\t\t<div class=\"elementor-widget-container\">\n\t\t\t\t\t<h1 class=\"elementor-heading-title elementor-size-default\">Resultados reales, <br>Relaciones reales\n<\/h1>\t\t\t\t<\/div>\n\t\t\t\t<\/div>\n\t\t\t\t<\/div>\n\t\t<div class=\"elementor-element elementor-element-32535ea e-con-full e-flex e-con e-child\" data-id=\"32535ea\" data-element_type=\"container\">\n\t\t\t\t<div class=\"elementor-element elementor-element-810dc34 elementor-widget elementor-widget-heading\" data-id=\"810dc34\" data-element_type=\"widget\" data-widget_type=\"heading.default\">\n\t\t\t\t<div class=\"elementor-widget-container\">\n\t\t\t\t\t<h5 class=\"elementor-heading-title elementor-size-default\">\u00c9xito de los clientes<\/h5>\t\t\t\t<\/div>\n\t\t\t\t<\/div>\n\t\t\t\t<div class=\"elementor-element elementor-element-72a7f1c elementor-widget elementor-widget-text-editor\" data-id=\"72a7f1c\" data-element_type=\"widget\" data-widget_type=\"text-editor.default\">\n\t\t\t\t<div class=\"elementor-widget-container\">\n\t\t\t\t\t\t\t\t\tNuestros clientes acuden a nosotros con visi\u00f3n, ambici\u00f3n y una serie de retos \u00fanicos. En Business Management LAB, convertimos estas aspiraciones en planes viables, gui\u00e1ndoles en cada paso con estrategias a medida y un apoyo dedicado. Desde artistas emergentes hasta productores y ejecutivos experimentados, estamos aqu\u00ed para proporcionarles la estabilidad, la organizaci\u00f3n y la perspectiva que necesitan para centrarse en lo que m\u00e1s importa: su oficio y su crecimiento.\n<br><br>\nTenemos el honor de ser un socio de confianza en el \u00e9xito y el progreso de algunos de los talentos m\u00e1s brillantes del entretenimiento latino. Nuestro papel va m\u00e1s all\u00e1 de la gesti\u00f3n; nos comprometemos a ayudar a nuestros clientes a alcanzar sus objetivos, sortear las complejidades de la industria y construir un legado que refleje su pasi\u00f3n y dedicaci\u00f3n. En cada relaci\u00f3n, nos impulsa la misma visi\u00f3n: ayudar a cada cliente a alcanzar no s\u00f3lo el \u00e9xito financiero, sino tambi\u00e9n la tranquilidad que les permita prosperar.\t\t\t\t\t\t\t\t<\/div>\n\t\t\t\t<\/div>\n\t\t\t\t<\/div>\n\t\t\t\t<\/div>\n\t\t\t\t\t<\/div>\n\t\t\t\t<\/div>\n\t\t\t\t\t<\/div>\n\t\t\t\t<\/div>\n\t\t<div class=\"elementor-element elementor-element-5b1ad304 e-con-full e-flex e-con e-parent\" data-id=\"5b1ad304\" data-element_type=\"container\" data-settings=\"{&quot;background_background&quot;:&quot;classic&quot;}\">\n\t\t<div class=\"elementor-element elementor-element-6c0ef7c6 e-con-full e-flex e-con e-child\" data-id=\"6c0ef7c6\" data-element_type=\"container\">\n\t\t\t\t<div class=\"elementor-element elementor-element-483647f9 animated-fast elementor-invisible elementor-widget elementor-widget-heading\" data-id=\"483647f9\" data-element_type=\"widget\" data-settings=\"{&quot;_animation&quot;:&quot;fadeIn&quot;,&quot;_animation_delay&quot;:500}\" data-widget_type=\"heading.default\">\n\t\t\t\t<div class=\"elementor-widget-container\">\n\t\t\t\t\t<p class=\"elementor-heading-title elementor-size-default\">Sus objetivos, nuestro prop\u00f3sito\n<\/p>\t\t\t\t<\/div>\n\t\t\t\t<\/div>\n\t\t\t\t<div class=\"elementor-element elementor-element-48eebadd elementor-widget__width-initial animated-fast elementor-widget-mobile__width-inherit elementor-invisible elementor-widget elementor-widget-heading\" data-id=\"48eebadd\" data-element_type=\"widget\" data-settings=\"{&quot;_animation&quot;:&quot;fadeIn&quot;,&quot;_animation_delay&quot;:750}\" data-widget_type=\"heading.default\">\n\t\t\t\t<div class=\"elementor-widget-container\">\n\t\t\t\t\t<h1 class=\"elementor-heading-title elementor-size-default\">Comprometidos con una asociaci\u00f3n\n<\/h1>\t\t\t\t<\/div>\n\t\t\t\t<\/div>\n\t\t\t\t<div class=\"elementor-element elementor-element-523ed798 elementor-widget elementor-widget-text-editor\" data-id=\"523ed798\" data-element_type=\"widget\" data-widget_type=\"text-editor.default\">\n\t\t\t\t<div class=\"elementor-widget-container\">\n\t\t\t\t\t\t\t\t\tElegir Business Management LAB significa algo m\u00e1s que acceder a servicios expertos de gesti\u00f3n empresarial: es una asociaci\u00f3n basada en la confianza, la comprensi\u00f3n y el compromiso. Estamos profundamente comprometidos con el \u00e9xito de nuestros clientes, proporcion\u00e1ndoles orientaci\u00f3n continua y estrategias adaptables para afrontar cada nuevo reto. A medida que los caminos de nuestros clientes evolucionan, tambi\u00e9n lo hacen nuestros esfuerzos, permaneciendo a su lado con ideas, ajustes y celebraciones a lo largo del camino. Nuestra misi\u00f3n es simple: ayudar a nuestros clientes a alcanzar su m\u00e1ximo potencial, sabiendo que con cada \u00e9xito, estamos ayudando a construir un futuro que realmente refleja su visi\u00f3n.\t\t\t\t\t\t\t\t<\/div>\n\t\t\t\t<\/div>\n\t\t\t\t<\/div>\n\t\t<div class=\"elementor-element elementor-element-61ea5272 e-con-full e-flex e-con e-child\" data-id=\"61ea5272\" data-element_type=\"container\" data-settings=\"{&quot;background_background&quot;:&quot;classic&quot;}\">\n\t\t\t\t<div class=\"elementor-element elementor-element-26256172 elementor-widget elementor-widget-spacer\" data-id=\"26256172\" data-element_type=\"widget\" data-widget_type=\"spacer.default\">\n\t\t\t\t<div class=\"elementor-widget-container\">\n\t\t\t\t\t\t\t<div class=\"elementor-spacer\">\n\t\t\t<div class=\"elementor-spacer-inner\"><\/div>\n\t\t<\/div>\n\t\t\t\t\t\t<\/div>\n\t\t\t\t<\/div>\n\t\t\t\t<\/div>\n\t\t\t\t<\/div>\n\t\t\t\t<section class=\"elementor-section elementor-top-section elementor-element elementor-element-b3812ee elementor-section-boxed elementor-section-height-default elementor-section-height-default\" data-id=\"b3812ee\" data-element_type=\"section\" data-settings=\"{&quot;background_background&quot;:&quot;classic&quot;}\">\n\t\t\t\t\t\t<div class=\"elementor-container elementor-column-gap-default\">\n\t\t\t\t\t<div class=\"elementor-column elementor-col-100 elementor-top-column elementor-element elementor-element-c4d6bbc animated-slow elementor-invisible\" data-id=\"c4d6bbc\" data-element_type=\"column\" data-settings=\"{&quot;animation&quot;:&quot;fadeInUp&quot;}\">\n\t\t\t<div class=\"elementor-widget-wrap elementor-element-populated\">\n\t\t\t\t\t\t<div class=\"elementor-element elementor-element-82b411e elementor-widget__width-initial elementor-widget-mobile__width-inherit animated-fast elementor-invisible elementor-widget elementor-widget-heading\" data-id=\"82b411e\" data-element_type=\"widget\" data-settings=\"{&quot;_animation&quot;:&quot;fadeIn&quot;,&quot;_animation_delay&quot;:750}\" data-widget_type=\"heading.default\">\n\t\t\t\t<div class=\"elementor-widget-container\">\n\t\t\t\t\t<h4 class=\"elementor-heading-title elementor-size-default\">Excelencia probada, impacto duradero\n<\/h4>\t\t\t\t<\/div>\n\t\t\t\t<\/div>\n\t\t\t\t<div class=\"elementor-element elementor-element-055dd68 elementor-widget elementor-widget-heading\" data-id=\"055dd68\" data-element_type=\"widget\" data-widget_type=\"heading.default\">\n\t\t\t\t<div class=\"elementor-widget-container\">\n\t\t\t\t\t<h6 class=\"elementor-heading-title elementor-size-default\">Con m\u00e1s de una d\u00e9cada en el negocio, Business Management LAB se ha convertido en un l\u00edder de confianza en la gesti\u00f3n empresarial para la industria del entretenimiento. Nuestro compromiso con la excelencia y la fiabilidad nos ha convertido en socios esenciales para clientes de alto perfil en los sectores de la m\u00fasica, el cine, los deportes y las redes sociales. Nuestros clientes acuden a nosotros a\u00f1o tras a\u00f1o, seguros de que nuestra experiencia aporta estabilidad, crecimiento y tranquilidad a sus vidas financieras y empresariales.<\/h6>\t\t\t\t<\/div>\n\t\t\t\t<\/div>\n\t\t\t\t\t<\/div>\n\t\t<\/div>\n\t\t\t\t\t<\/div>\n\t\t<\/section>\n\t\t<div class=\"elementor-element elementor-element-e357e1e e-con-full e-flex e-con e-parent\" data-id=\"e357e1e\" data-element_type=\"container\" data-settings=\"{&quot;background_background&quot;:&quot;classic&quot;}\">\n\t\t<div class=\"elementor-element elementor-element-489525a e-con-full e-flex e-con e-child\" data-id=\"489525a\" data-element_type=\"container\" data-settings=\"{&quot;background_background&quot;:&quot;classic&quot;}\">\n\t\t\t\t<div class=\"elementor-element elementor-element-b1611b6 elementor-widget elementor-widget-spacer\" data-id=\"b1611b6\" data-element_type=\"widget\" data-widget_type=\"spacer.default\">\n\t\t\t\t<div class=\"elementor-widget-container\">\n\t\t\t\t\t\t\t<div class=\"elementor-spacer\">\n\t\t\t<div class=\"elementor-spacer-inner\"><\/div>\n\t\t<\/div>\n\t\t\t\t\t\t<\/div>\n\t\t\t\t<\/div>\n\t\t\t\t<\/div>\n\t\t<div class=\"elementor-element elementor-element-9b7385e e-con-full e-flex e-con e-child\" data-id=\"9b7385e\" data-element_type=\"container\">\n\t\t\t\t<div class=\"elementor-element elementor-element-b3c4bd9 animated-fast elementor-invisible elementor-widget elementor-widget-heading\" data-id=\"b3c4bd9\" data-element_type=\"widget\" data-settings=\"{&quot;_animation&quot;:&quot;fadeIn&quot;,&quot;_animation_delay&quot;:500}\" data-widget_type=\"heading.default\">\n\t\t\t\t<div class=\"elementor-widget-container\">\n\t\t\t\t\t<p class=\"elementor-heading-title elementor-size-default\">Fundaciones que perduran a trav\u00e9s de las generaciones\n<\/p>\t\t\t\t<\/div>\n\t\t\t\t<\/div>\n\t\t\t\t<div class=\"elementor-element elementor-element-d14f33f elementor-widget__width-initial animated-fast elementor-widget-mobile__width-inherit elementor-invisible elementor-widget elementor-widget-heading\" data-id=\"d14f33f\" data-element_type=\"widget\" data-settings=\"{&quot;_animation&quot;:&quot;fadeIn&quot;,&quot;_animation_delay&quot;:750}\" data-widget_type=\"heading.default\">\n\t\t\t\t<div class=\"elementor-widget-container\">\n\t\t\t\t\t<h1 class=\"elementor-heading-title elementor-size-default\">Construir legados\n<\/h1>\t\t\t\t<\/div>\n\t\t\t\t<\/div>\n\t\t\t\t<div class=\"elementor-element elementor-element-4990665 elementor-widget elementor-widget-text-editor\" data-id=\"4990665\" data-element_type=\"widget\" data-widget_type=\"text-editor.default\">\n\t\t\t\t<div class=\"elementor-widget-container\">\n\t\t\t\t\t\t\t\t\tEn Business Management LAB, el \u00e9xito va m\u00e1s all\u00e1 de los logros de hoy. Nos comprometemos a construir cimientos estables y duraderos que permitan a nuestros clientes crear un legado para el futuro. Nuestro papel es salvaguardar no s\u00f3lo el patrimonio, sino tambi\u00e9n los valores, las historias y las aspiraciones que perdurar\u00e1n. Mediante estrategias personalizadas, planificaci\u00f3n colaborativa y apoyo proactivo, capacitamos a nuestros clientes para que realicen contribuciones duraderas que resuenen en sus familias y comunidades, definiendo un legado que perdure.\n\n\t\t\t\t\t\t\t\t<\/div>\n\t\t\t\t<\/div>\n\t\t\t\t<\/div>\n\t\t\t\t<\/div>\n\t\t\t\t<\/div>","protected":false},"excerpt":{"rendered":"<p>En Business Management LAB, nuestra misi\u00f3n es crear un impacto significativo y duradero en la vida de nuestros clientes. Vamos m\u00e1s all\u00e1 de la t\u00edpica gesti\u00f3n empresarial, forjando historias de \u00e9xito y asegurando el futuro de los mejores talentos de la industria latina del entretenimiento. Con cada cliente, nuestro objetivo es potenciar, proteger y nutrir [...]<\/p>","protected":false},"author":1,"featured_media":0,"parent":0,"menu_order":0,"comment_status":"closed","ping_status":"closed","template":"","meta":{"site-sidebar-layout":"no-sidebar","site-content-layout":"page-builder","ast-site-content-layout":"full-width-container","site-content-style":"default","site-sidebar-style":"default","ast-global-header-display":"disabled","ast-banner-title-visibility":"","ast-main-header-display":"","ast-hfb-above-header-display":"","ast-hfb-below-header-display":"","ast-hfb-mobile-header-display":"","site-post-title":"disabled","ast-breadcrumbs-content":"","ast-featured-img":"disabled","footer-sml-layout":"disabled","theme-transparent-header-meta":"","adv-header-id-meta":"","stick-header-meta":"","header-above-stick-meta":"","header-main-stick-meta":"","header-below-stick-meta":"","astra-migrate-meta-layouts":"set","ast-page-background-enabled":"default","ast-page-background-meta":{"desktop":{"background-color":"var(--ast-global-color-4)","background-image":"","background-repeat":"repeat","background-position":"center center","background-size":"auto","background-attachment":"scroll","background-type":"","background-media":"","overlay-type":"","overlay-color":"","overlay-opacity":"","overlay-gradient":""},"tablet":{"background-color":"","background-image":"","background-repeat":"repeat","background-position":"center center","background-size":"auto","background-attachment":"scroll","background-type":"","background-media":"","overlay-type":"","overlay-color":"","overlay-opacity":"","overlay-gradient":""},"mobile":{"background-color":"","background-image":"","background-repeat":"repeat","background-position":"center center","background-size":"auto","background-attachment":"scroll","background-type":"","background-media":"","overlay-type":"","overlay-color":"","overlay-opacity":"","overlay-gradient":""}},"ast-content-background-meta":{"desktop":{"background-color":"var(--ast-global-color-5)","background-image":"","background-repeat":"repeat","background-position":"center center","background-size":"auto","background-attachment":"scroll","background-type":"","background-media":"","overlay-type":"","overlay-color":"","overlay-opacity":"","overlay-gradient":""},"tablet":{"background-color":"var(--ast-global-color-5)","background-image":"","background-repeat":"repeat","background-position":"center center","background-size":"auto","background-attachment":"scroll","background-type":"","background-media":"","overlay-type":"","overlay-color":"","overlay-opacity":"","overlay-gradient":""},"mobile":{"background-color":"var(--ast-global-color-5)","background-image":"","background-repeat":"repeat","background-position":"center center","background-size":"auto","background-attachment":"scroll","background-type":"","background-media":"","overlay-type":"","overlay-color":"","overlay-opacity":"","overlay-gradient":""}},"footnotes":""},"class_list":["post-321","page","type-page","status-publish","hentry"],"_links":{"self":[{"href":"https:\/\/labarajas.com\/espanol\/wp-json\/wp\/v2\/pages\/321","targetHints":{"allow":["GET"]}}],"collection":[{"href":"https:\/\/labarajas.com\/espanol\/wp-json\/wp\/v2\/pages"}],"about":[{"href":"https:\/\/labarajas.com\/espanol\/wp-json\/wp\/v2\/types\/page"}],"author":[{"embeddable":true,"href":"https:\/\/labarajas.com\/espanol\/wp-json\/wp\/v2\/users\/1"}],"replies":[{"embeddable":true,"href":"https:\/\/labarajas.com\/espanol\/wp-json\/wp\/v2\/comments?post=321"}],"version-history":[{"count":28,"href":"https:\/\/labarajas.com\/espanol\/wp-json\/wp\/v2\/pages\/321\/revisions"}],"predecessor-version":[{"id":562,"href":"https:\/\/labarajas.com\/espanol\/wp-json\/wp\/v2\/pages\/321\/revisions\/562"}],"wp:attachment":[{"href":"https:\/\/labarajas.com\/espanol\/wp-json\/wp\/v2\/media?parent=321"}],"curies":[{"name":"wp","href":"https:\/\/api.w.org\/{rel}","templated":true}]}}